{"id":4651,"date":"2019-12-21T16:11:39","date_gmt":"2019-12-21T15:11:39","guid":{"rendered":"https:\/\/www.waas-demo.nl\/?post_type=product&#038;p=4651"},"modified":"2025-09-29T14:30:46","modified_gmt":"2025-09-29T12:30:46","slug":"product-2","status":"publish","type":"product","link":"https:\/\/www.waas-demo.nl\/de\/product\/categorie-6\/subcategorie-6a\/product-2\/","title":{"rendered":"Produktbeispiel 13"},"content":{"rendered":"<p>Diese Ladestation kann mit einem Festkabel ausgestattet werden. Ein gro\u00dfer Vorteil einer Ladestation mit festem Ladekabel ist, dass das Kabel nicht immer verstaut werden muss: Sie m\u00fcssen bei Regen kein nasses Kabel mit ins Auto nehmen. Ein Nachteil eines Festkabels ist, dass nur Fahrzeuge mit einer Anschlussart geladen werden k\u00f6nnen. Zudem sind diese Ladestationen anf\u00e4lliger f\u00fcr Vandalismus und daher weniger f\u00fcr den Einsatz im \u00f6ffentlichen Raum geeignet.<\/p>","protected":false},"excerpt":{"rendered":"Mauris non tempor quam et lacinia sapien. Mauris accumsan eros eget libero posuere vulputate. Etiam elit elit, elementum sed varius at, adipiscing vitae est. Sed nec felis pellentesque.","protected":false},"featured_media":10591,"comment_status":"open","ping_status":"closed","template":"","meta":{"_acf_changed":false},"product_brand":[85],"product_cat":[66,71,96,104,69],"product_tag":[],"class_list":{"0":"post-4651","1":"product","2":"type-product","3":"status-publish","4":"has-post-thumbnail","6":"product_brand-merk-3","7":"product_cat-categorie-3","8":"product_cat-categorie-5","9":"product_cat-categorie-7","10":"product_cat-subcategorie-6a","11":"product_cat-subsubcategorie-3ai","13":"first","14":"instock","15":"sale","16":"sold-individually","17":"taxable","18":"shipping-taxable","19":"purchasable","20":"product-type-variable","21":"has-default-attributes"},"composite_virtual":false,"composite_layout":"","composite_add_to_cart_form_location":"","composite_editable_in_cart":false,"composite_sold_individually_context":"","composite_shop_price_calc":"","composite_components":[],"composite_scenarios":[],"exclude_global_add_ons":[],"addons":[],"acf":[],"yoast_head":null,"yoast_head_json":null,"_links":{"self":[{"href":"https:\/\/www.waas-demo.nl\/de\/wp-json\/wp\/v2\/product\/4651","targetHints":{"allow":["GET"]}}],"collection":[{"href":"https:\/\/www.waas-demo.nl\/de\/wp-json\/wp\/v2\/product"}],"about":[{"href":"https:\/\/www.waas-demo.nl\/de\/wp-json\/wp\/v2\/types\/product"}],"replies":[{"embeddable":true,"href":"https:\/\/www.waas-demo.nl\/de\/wp-json\/wp\/v2\/comments?post=4651"}],"wp:featuredmedia":[{"embeddable":true,"href":"https:\/\/www.waas-demo.nl\/de\/wp-json\/wp\/v2\/media\/10591"}],"wp:attachment":[{"href":"https:\/\/www.waas-demo.nl\/de\/wp-json\/wp\/v2\/media?parent=4651"}],"wp:term":[{"taxonomy":"product_brand","embeddable":true,"href":"https:\/\/www.waas-demo.nl\/de\/wp-json\/wp\/v2\/product_brand?post=4651"},{"taxonomy":"product_cat","embeddable":true,"href":"https:\/\/www.waas-demo.nl\/de\/wp-json\/wp\/v2\/product_cat?post=4651"},{"taxonomy":"product_tag","embeddable":true,"href":"https:\/\/www.waas-demo.nl\/de\/wp-json\/wp\/v2\/product_tag?post=4651"}],"curies":[{"name":"wp","href":"https:\/\/api.w.org\/{rel}","templated":true}]}}