{"id":5626,"date":"2020-07-23T15:17:24","date_gmt":"2020-07-23T13:17:24","guid":{"rendered":"https:\/\/www.waas-demo.nl\/?post_type=product&#038;p=5626"},"modified":"2023-11-07T11:15:18","modified_gmt":"2023-11-07T10:15:18","slug":"deutch-progressive","status":"publish","type":"product","link":"https:\/\/www.waas-demo.nl\/de\/product\/voorbeeld-categorie\/composite-product-test-1-progressive\/","title":{"rendered":"Produktbeispiel 3"},"content":{"rendered":"<h4><strong>Romantisches Loungesofa mit einem Hauch Nostalgie und modernem Finish.<\/strong><\/h4>\n<p>Inspiriert vom klassischen englischen Stil haben unsere Designer unter der Leitung von Ira Ness diesem absoluten Favoriten neues Leben eingehaucht. Durch die Veredelung der formsch\u00f6nen Armlehnen mit robusten Lederarmlehnen wird das Aberdeen Lounge Sofa zum Highlight jedes Wohnzimmers.<\/p>\n<p>Auch beim Sitzkomfort steht das Aberdeen anderen Sofas in nichts nach. Aufgrund seiner Tiefe von nicht weniger als 104 cm. Dieses Lounge-Sofa bietet eine wunderbar entspannende Sitzfl\u00e4che. F\u00fcr das ultimative Lounge-Erlebnis k\u00f6nnen Sie sich jederzeit f\u00fcr die h\u00e4rteren Sitzkissen oder die Latexflockenf\u00fcllung entscheiden. Der Aberdeen ist auch in drei Arten von R\u00fcckenkissen erh\u00e4ltlich.<\/p>\n<p><strong>Stoffkollektion<\/strong><\/p>\n<p>Die UrbanSofa Stoffkollektion besteht aus mehr als 130 modernen Stoffen und 16 Lederfarben. Mit gro\u00dfer Sorgfalt von unserer Designabteilung aus den besten M\u00f6belstoffen zusammengestellt. Durch das breite Sortiment und die gro\u00dfe Vielfalt werden Sie in jedem Stil und in jedem Interieur Erfolg haben. Schauen Sie sich gerne in unserer Stoffkollektion um.<\/p>\n<p>Ein Qualit\u00e4tssofa aus dem h\u00f6heren Preissegment, jetzt sehr erschwinglich.<\/p>\n<p><strong>Erh\u00e4ltlich in vielen Konfigurationen und Gr\u00f6\u00dfen!<\/strong><\/p>\n<p>Kreieren Sie Ihr eigenes Produkt! <a href=\"\/\/meubelcity.waas.build\/wp-content\/uploads\/www.meubelcity.nl\/2020\/10\/UrbanSofa-Aberdeen-sofa-loungebank-hoekbank3652.pdf\" target=\"_blank\" rel=\"noopener noreferrer\">Sehen Sie sich hier alle Optionen an <strong> &#8216;Loungebank Aberdeen | Stof&#8217; <\/strong><\/a><\/p>","protected":false},"excerpt":{"rendered":"","protected":false},"featured_media":10600,"comment_status":"closed","ping_status":"closed","template":"","meta":{"_acf_changed":false},"product_brand":[],"product_cat":[65],"product_tag":[111],"class_list":{"0":"post-5626","1":"product","2":"type-product","3":"status-publish","4":"has-post-thumbnail","6":"product_cat-voorbeeld-categorie","7":"product_tag-voorbeeld-tag-2","9":"first","10":"instock","11":"sale","12":"virtual","13":"taxable","14":"purchasable","15":"product-type-composite"},"composite_virtual":false,"composite_layout":"single","composite_add_to_cart_form_location":"default","composite_editable_in_cart":false,"composite_sold_individually_context":"product","composite_shop_price_calc":"defaults","composite_components":[{"id":"1593438855","title":"Komponente 2","description":"<p>Eine Standardbreite f\u00fcr Skateboarddecks liegt zwischen 7,5 &quot;und 8,25&quot;. Kleinere Decks eignen sich besser f\u00fcr technische Tricks und gr\u00f6\u00dfere Decks eignen sich besser f\u00fcr Rampen- und Parkskaten.<\/p>","query_type":"category_ids","query_ids":[65,66,96],"default_option_id":9907,"thumbnail_id":2200,"thumbnail_src":"https:\/\/www.waas-demo.nl\/wp-content\/uploads\/www.waas-demo.nl\/2019\/09\/usp4.png","quantity_min":1,"quantity_max":1,"priced_individually":true,"shipped_individually":true,"optional":false,"discount":50,"options_style":"colors","pagination_style":"classic","display_prices":"hidden","show_sorting_options":false,"show_filtering_options":false,"attribute_filter_ids":[],"select_action":"view","product_title_visible":false,"product_descr_visible":false,"product_price_visible":false,"product_thumb_visible":false,"subtotal_visible_product":false,"subtotal_visible_cart":true,"subtotal_visible_orders":true,"product_addons_visible":true},{"id":"1595517345","title":"Komponente 3","description":"","query_type":"category_ids","query_ids":[66,70,71],"default_option_id":5563,"thumbnail_id":"","thumbnail_src":"","quantity_min":1,"quantity_max":1,"priced_individually":false,"shipped_individually":true,"optional":true,"discount":"","options_style":"thumbnails","pagination_style":"classic","display_prices":"absolute","show_sorting_options":false,"show_filtering_options":false,"attribute_filter_ids":[],"select_action":"view","product_title_visible":true,"product_descr_visible":true,"product_price_visible":true,"product_thumb_visible":true,"subtotal_visible_product":true,"subtotal_visible_cart":true,"subtotal_visible_orders":true,"product_addons_visible":true}],"composite_scenarios":[],"exclude_global_add_ons":[],"addons":[],"acf":[],"yoast_head":null,"yoast_head_json":null,"_links":{"self":[{"href":"https:\/\/www.waas-demo.nl\/de\/wp-json\/wp\/v2\/product\/5626","targetHints":{"allow":["GET"]}}],"collection":[{"href":"https:\/\/www.waas-demo.nl\/de\/wp-json\/wp\/v2\/product"}],"about":[{"href":"https:\/\/www.waas-demo.nl\/de\/wp-json\/wp\/v2\/types\/product"}],"replies":[{"embeddable":true,"href":"https:\/\/www.waas-demo.nl\/de\/wp-json\/wp\/v2\/comments?post=5626"}],"wp:featuredmedia":[{"embeddable":true,"href":"https:\/\/www.waas-demo.nl\/de\/wp-json\/wp\/v2\/media\/10600"}],"wp:attachment":[{"href":"https:\/\/www.waas-demo.nl\/de\/wp-json\/wp\/v2\/media?parent=5626"}],"wp:term":[{"taxonomy":"product_brand","embeddable":true,"href":"https:\/\/www.waas-demo.nl\/de\/wp-json\/wp\/v2\/product_brand?post=5626"},{"taxonomy":"product_cat","embeddable":true,"href":"https:\/\/www.waas-demo.nl\/de\/wp-json\/wp\/v2\/product_cat?post=5626"},{"taxonomy":"product_tag","embeddable":true,"href":"https:\/\/www.waas-demo.nl\/de\/wp-json\/wp\/v2\/product_tag?post=5626"}],"curies":[{"name":"wp","href":"https:\/\/api.w.org\/{rel}","templated":true}]}}