{"id":4645,"date":"2019-12-21T15:54:58","date_gmt":"2019-12-21T14:54:58","guid":{"rendered":"https:\/\/www.waas-demo.nl\/?post_type=product&#038;p=4645"},"modified":"2024-08-26T13:59:01","modified_gmt":"2024-08-26T11:59:01","slug":"product-kopie-3","status":"publish","type":"product","link":"https:\/\/www.waas-demo.nl\/es\/product\/voorbeeld-categorie\/product-kopie-3\/","title":{"rendered":"Ejemplo de producto 17"},"content":{"rendered":"<p>Esta estaci\u00f3n de carga se puede equipar con un cable fijo. Una gran ventaja de un punto de carga con cable de carga fijo es que no siempre es necesario guardar el cable: no es necesario llevar un cable mojado en el coche cuando llueve. Una desventaja de un cable fijo es que solo se pueden cargar los veh\u00edculos con un tipo de conexi\u00f3n. Estas estaciones de carga tambi\u00e9n son m\u00e1s susceptibles al vandalismo y, por lo tanto, son menos adecuadas para su uso en espacios p\u00fablicos.<\/p>","protected":false},"excerpt":{"rendered":"Mauris non tempor quam, et lacinia sapien. Mauris accumsan eros eget libero posuere vulputate. Etiam elit elit, elementum sed varius at, adipiscing vitae est. Sed nec felis pellentesque.","protected":false},"featured_media":10588,"comment_status":"open","ping_status":"closed","template":"","meta":{"_acf_changed":false},"product_brand":[86],"product_cat":[65],"product_tag":[],"class_list":{"0":"post-4645","1":"product","2":"type-product","3":"status-publish","4":"has-post-thumbnail","6":"product_brand-merk-4","7":"product_cat-voorbeeld-categorie","8":"product_shipping_class-hsd","10":"first","11":"instock","12":"sale","13":"taxable","14":"shipping-taxable","15":"purchasable","16":"product-type-simple"},"composite_virtual":false,"composite_layout":"","composite_add_to_cart_form_location":"","composite_editable_in_cart":false,"composite_sold_individually_context":"","composite_shop_price_calc":"","composite_components":[],"composite_scenarios":[],"exclude_global_add_ons":[],"addons":[],"acf":[],"yoast_head":null,"yoast_head_json":null,"_links":{"self":[{"href":"https:\/\/www.waas-demo.nl\/es\/wp-json\/wp\/v2\/product\/4645","targetHints":{"allow":["GET"]}}],"collection":[{"href":"https:\/\/www.waas-demo.nl\/es\/wp-json\/wp\/v2\/product"}],"about":[{"href":"https:\/\/www.waas-demo.nl\/es\/wp-json\/wp\/v2\/types\/product"}],"replies":[{"embeddable":true,"href":"https:\/\/www.waas-demo.nl\/es\/wp-json\/wp\/v2\/comments?post=4645"}],"wp:featuredmedia":[{"embeddable":true,"href":"https:\/\/www.waas-demo.nl\/es\/wp-json\/wp\/v2\/media\/10588"}],"wp:attachment":[{"href":"https:\/\/www.waas-demo.nl\/es\/wp-json\/wp\/v2\/media?parent=4645"}],"wp:term":[{"taxonomy":"product_brand","embeddable":true,"href":"https:\/\/www.waas-demo.nl\/es\/wp-json\/wp\/v2\/product_brand?post=4645"},{"taxonomy":"product_cat","embeddable":true,"href":"https:\/\/www.waas-demo.nl\/es\/wp-json\/wp\/v2\/product_cat?post=4645"},{"taxonomy":"product_tag","embeddable":true,"href":"https:\/\/www.waas-demo.nl\/es\/wp-json\/wp\/v2\/product_tag?post=4645"}],"curies":[{"name":"wp","href":"https:\/\/api.w.org\/{rel}","templated":true}]}}