{"id":5625,"date":"2020-07-23T15:14:03","date_gmt":"2020-07-23T13:14:03","guid":{"rendered":"https:\/\/www.waas-demo.nl\/?post_type=product&#038;p=5625"},"modified":"2023-11-07T11:15:32","modified_gmt":"2023-11-07T10:15:32","slug":"composite-product-test-1-paged","status":"publish","type":"product","link":"https:\/\/www.waas-demo.nl\/es\/product\/voorbeeld-categorie\/composite-product-test-1-paged\/","title":{"rendered":"Ejemplo de producto 4"},"content":{"rendered":"<p><strong>Gratis verzending!<\/strong><br \/>\n\\n<strong>Salvus Palermo 2 gecertificeerde kluis.<\/strong><br \/>\n\\n<strong>Levertijd 1 tot 2 werkdagen !<\/strong><br \/>\n\\nDe nieuwe Salvus Palermo brand- en inbraakwerende meubelkluizen zijn speciaal ontwikkeld voor de veilige opslag van waardevolle zaken en documenten. Met een kluis uit deze serie worden uw bezittingen optimaal tegen brand en diefstal beschermd.<br \/>\n\\n<br \/>\n\\nZowel de inbraak- als brandwerendheid van de Salvus Palermo 2 zijn door het ECB-S gecertificeerd. Kwaliteit waarop u kunt vertrouwen. In de meubelkluis Palermo kunt u belangrijke of onvervangbare zaken bewaren zoals documenten, geld en juwelen.<br \/>\n\\n<br \/>\n\\n<strong>Ook is het optioneel mogelijk om voor onze Full Service aflevering te kiezen.<\/strong><br \/>\n\\n<br \/>\n\\nDe kluis wordt op de juiste locatie geplaatst op de begane grond of, met een innovative trappenlopen, op de eerste of tweede verdieping*. Daarna wordt de werking van de kluis gecontroleerd en eventueel uitgelegd. Onze bezorgprofessionals verankeren de kluis op vakkundige wijze en uw ontvangt een verankeringscertificaat als bewijs. Bij vertrek wordt het verpakkingsmateriaal netjes opgeruimd en meegenomen.<br \/>\n\\n<br \/>\n\\n* Let op!<br \/>\n\\n<\/p>\n<ul>\n<li style=\"list-style-type: none;\">\n<ul>\\n \u0001<\/p>\n<li>De trap is minstens 80cm breed en heeft geen extreem kwetsbare bekleding<\/li>\n<\/ul>\n<\/li>\n<\/ul>\n<p>\\n \u0001<\/p>\n<ul>\n<li style=\"list-style-type: none;\">\n<ul>\n<li>Onder en boven aan de trap is minstens 90cm uitloopruimte<\/li>\n<\/ul>\n<\/li>\n<\/ul>\n<p>\\n<\/p>","protected":false},"excerpt":{"rendered":"<ul>\r\n \t<li>14 escalones de roble sin tratar de 100 cm con tiras antideslizantes y adhesivo de alta adherencia, escalones sin tratar de 100 cm con listones antideslizantes y adhesivo de alta adherencia.<\/li>\r\n \t<li>tiras antideslizantes y adhesivo de alta adherencia<\/li>\r\n \t<li>15 contrahuellas de roble bruto de 100 cm<\/li>\r\n \t<li>1 x lata de aceite de cera dura Sikkers (determina el color t\u00fa mismo)<\/li>\r\n \t<li>1 x lata de acelerador Sikkers<\/li>\r\n<\/ul>","protected":false},"featured_media":10599,"comment_status":"closed","ping_status":"closed","template":"","meta":{"_acf_changed":false},"product_brand":[],"product_cat":[65],"product_tag":[154,111,153],"class_list":{"0":"post-5625","1":"product","2":"type-product","3":"status-publish","4":"has-post-thumbnail","6":"product_cat-voorbeeld-categorie","7":"product_tag-voorbeeld-tag-1","8":"product_tag-voorbeeld-tag-2","9":"product_tag-voorbeeld-tag-3","11":"first","12":"instock","13":"virtual","14":"taxable","15":"purchasable","16":"product-type-composite"},"composite_virtual":false,"composite_layout":"paged","composite_add_to_cart_form_location":"default","composite_editable_in_cart":false,"composite_sold_individually_context":"product","composite_shop_price_calc":"defaults","composite_components":[{"id":"1593438854","title":"Cubierta","description":"<p>El ancho est\u00e1ndar de una tabla de skate es entre 7.5 &quot;y 8.25&quot;. Las cubiertas m\u00e1s peque\u00f1as son mejores para trucos t\u00e9cnicos y las cubiertas m\u00e1s grandes son mejores para el patinaje en rampas y parques.<\/p>","query_type":"category_ids","query_ids":[66],"default_option_id":4651,"thumbnail_id":2201,"thumbnail_src":"https:\/\/www.waas-demo.nl\/wp-content\/uploads\/www.waas-demo.nl\/2019\/09\/usp3.png","quantity_min":1,"quantity_max":1,"priced_individually":true,"shipped_individually":true,"optional":false,"discount":"","options_style":"radios","pagination_style":"classic","display_prices":"absolute","show_sorting_options":false,"show_filtering_options":false,"attribute_filter_ids":[],"select_action":"view","product_title_visible":true,"product_descr_visible":true,"product_price_visible":true,"product_thumb_visible":true,"subtotal_visible_product":true,"subtotal_visible_cart":true,"subtotal_visible_orders":true,"product_addons_visible":true},{"id":"1593438855","title":"Componente 2","description":"<p>El ancho est\u00e1ndar de una tabla de skate es entre 7.5 &quot;y 8.25&quot;. Las cubiertas m\u00e1s peque\u00f1as son mejores para trucos t\u00e9cnicos y las cubiertas m\u00e1s grandes son mejores para el patinaje en rampas y parques.<\/p>","query_type":"category_ids","query_ids":[70,71],"default_option_id":"","thumbnail_id":2200,"thumbnail_src":"https:\/\/www.waas-demo.nl\/wp-content\/uploads\/www.waas-demo.nl\/2019\/09\/usp4.png","quantity_min":1,"quantity_max":1,"priced_individually":true,"shipped_individually":true,"optional":true,"discount":5,"options_style":"dropdowns","pagination_style":"classic","display_prices":"relative","show_sorting_options":false,"show_filtering_options":false,"attribute_filter_ids":[],"select_action":"view","product_title_visible":true,"product_descr_visible":true,"product_price_visible":true,"product_thumb_visible":true,"subtotal_visible_product":true,"subtotal_visible_cart":true,"subtotal_visible_orders":true,"product_addons_visible":true},{"id":"1595517345","title":"Componente 3","description":"","query_type":"category_ids","query_ids":[66,70,71],"default_option_id":5563,"thumbnail_id":"","thumbnail_src":"","quantity_min":1,"quantity_max":1,"priced_individually":false,"shipped_individually":true,"optional":false,"discount":"","options_style":"thumbnails","pagination_style":"classic","display_prices":"absolute","show_sorting_options":false,"show_filtering_options":false,"attribute_filter_ids":[],"select_action":"view","product_title_visible":true,"product_descr_visible":true,"product_price_visible":true,"product_thumb_visible":true,"subtotal_visible_product":true,"subtotal_visible_cart":true,"subtotal_visible_orders":true,"product_addons_visible":true}],"composite_scenarios":[],"exclude_global_add_ons":[],"addons":[],"acf":[],"yoast_head":null,"yoast_head_json":null,"_links":{"self":[{"href":"https:\/\/www.waas-demo.nl\/es\/wp-json\/wp\/v2\/product\/5625","targetHints":{"allow":["GET"]}}],"collection":[{"href":"https:\/\/www.waas-demo.nl\/es\/wp-json\/wp\/v2\/product"}],"about":[{"href":"https:\/\/www.waas-demo.nl\/es\/wp-json\/wp\/v2\/types\/product"}],"replies":[{"embeddable":true,"href":"https:\/\/www.waas-demo.nl\/es\/wp-json\/wp\/v2\/comments?post=5625"}],"wp:featuredmedia":[{"embeddable":true,"href":"https:\/\/www.waas-demo.nl\/es\/wp-json\/wp\/v2\/media\/10599"}],"wp:attachment":[{"href":"https:\/\/www.waas-demo.nl\/es\/wp-json\/wp\/v2\/media?parent=5625"}],"wp:term":[{"taxonomy":"product_brand","embeddable":true,"href":"https:\/\/www.waas-demo.nl\/es\/wp-json\/wp\/v2\/product_brand?post=5625"},{"taxonomy":"product_cat","embeddable":true,"href":"https:\/\/www.waas-demo.nl\/es\/wp-json\/wp\/v2\/product_cat?post=5625"},{"taxonomy":"product_tag","embeddable":true,"href":"https:\/\/www.waas-demo.nl\/es\/wp-json\/wp\/v2\/product_tag?post=5625"}],"curies":[{"name":"wp","href":"https:\/\/api.w.org\/{rel}","templated":true}]}}