{"id":5626,"date":"2020-07-23T15:17:24","date_gmt":"2020-07-23T13:17:24","guid":{"rendered":"https:\/\/www.waas-demo.nl\/?post_type=product&#038;p=5626"},"modified":"2023-11-07T11:15:18","modified_gmt":"2023-11-07T10:15:18","slug":"espanol-progressive","status":"publish","type":"product","link":"https:\/\/www.waas-demo.nl\/es\/product\/voorbeeld-categorie\/composite-product-test-1-progressive\/","title":{"rendered":"Ejemplo de producto 3"},"content":{"rendered":"<h4><strong>Sof\u00e1 lounge rom\u00e1ntico con un toque de nostalgia y acabado moderno.<\/strong><\/h4>\n<p>Inspir\u00e1ndose en el estilo cl\u00e1sico ingl\u00e9s, nuestros dise\u00f1adores liderados por Ira Ness han dado nueva vida a este favorito de todos los tiempos. Al rematar los reposabrazos bellamente dise\u00f1ados con resistentes reposabrazos de cuero, el sof\u00e1 Aberdeen Lounge es lo m\u00e1s destacado de cualquier sala de estar.<\/p>\n<p>El Aberdeen tambi\u00e9n est\u00e1 a la altura de otros sof\u00e1s en t\u00e9rminos de comodidad. Debido a su profundidad de nada menos que 104cm. Este sof\u00e1 lounge tiene un asiento maravillosamente relajante. Siempre puedes optar por los cojines de asiento m\u00e1s duros o el relleno de escamas de l\u00e1tex para disfrutar de la mejor experiencia de sal\u00f3n. El Aberdeen tambi\u00e9n est\u00e1 disponible en 3 tipos de cojines de respaldo.<\/p>\n<p><strong>colecci\u00f3n de telas<\/strong><\/p>\n<p>La colecci\u00f3n de tejidos UrbanSofa consta de m\u00e1s de 130 tejidos contempor\u00e1neos y 16 colores de piel. Compuesto con mucho mimo por nuestro departamento de dise\u00f1o a partir de tejidos para muebles de la mejor calidad. Debido a la amplia gama y la amplia variedad, tendr\u00e1 \u00e9xito en cada estilo y en cada interior. Eche un vistazo a nuestra colecci\u00f3n de tejidos.<\/p>\n<p>Un sof\u00e1 de calidad del segmento de precios m\u00e1s elevado, ahora muy asequible.<\/p>\n<p><strong>\u00a1Disponible en muchas configuraciones y tama\u00f1os!<\/strong><\/p>\n<p>\u00a1Crea tu propio producto! <a href=\"\/\/meubelcity.waas.build\/wp-content\/uploads\/www.meubelcity.nl\/2020\/10\/UrbanSofa-Aberdeen-sofa-loungebank-hoekbank3652.pdf\" target=\"_blank\" rel=\"noopener noreferrer\">Ver todas las opciones aqu\u00ed <strong> &#8216;Loungebank Aberdeen | Stof&#8217; <\/strong><\/a><\/p>","protected":false},"excerpt":{"rendered":"","protected":false},"featured_media":10600,"comment_status":"closed","ping_status":"closed","template":"","meta":{"_acf_changed":false},"product_brand":[],"product_cat":[65],"product_tag":[111],"class_list":{"0":"post-5626","1":"product","2":"type-product","3":"status-publish","4":"has-post-thumbnail","6":"product_cat-voorbeeld-categorie","7":"product_tag-voorbeeld-tag-2","9":"first","10":"instock","11":"sale","12":"virtual","13":"taxable","14":"purchasable","15":"product-type-composite"},"composite_virtual":false,"composite_layout":"single","composite_add_to_cart_form_location":"default","composite_editable_in_cart":false,"composite_sold_individually_context":"product","composite_shop_price_calc":"defaults","composite_components":[{"id":"1593438855","title":"Componente 2","description":"<p>El ancho est\u00e1ndar de una tabla de skate es entre 7.5 &quot;y 8.25&quot;. Las cubiertas m\u00e1s peque\u00f1as son mejores para trucos t\u00e9cnicos y las cubiertas m\u00e1s grandes son mejores para el patinaje en rampas y parques.<\/p>","query_type":"category_ids","query_ids":[65,66,96],"default_option_id":9907,"thumbnail_id":2200,"thumbnail_src":"https:\/\/www.waas-demo.nl\/wp-content\/uploads\/www.waas-demo.nl\/2019\/09\/usp4.png","quantity_min":1,"quantity_max":1,"priced_individually":true,"shipped_individually":true,"optional":false,"discount":50,"options_style":"colors","pagination_style":"classic","display_prices":"hidden","show_sorting_options":false,"show_filtering_options":false,"attribute_filter_ids":[],"select_action":"view","product_title_visible":false,"product_descr_visible":false,"product_price_visible":false,"product_thumb_visible":false,"subtotal_visible_product":false,"subtotal_visible_cart":true,"subtotal_visible_orders":true,"product_addons_visible":true},{"id":"1595517345","title":"Componente 3","description":"","query_type":"category_ids","query_ids":[66,70,71],"default_option_id":5563,"thumbnail_id":"","thumbnail_src":"","quantity_min":1,"quantity_max":1,"priced_individually":false,"shipped_individually":true,"optional":true,"discount":"","options_style":"thumbnails","pagination_style":"classic","display_prices":"absolute","show_sorting_options":false,"show_filtering_options":false,"attribute_filter_ids":[],"select_action":"view","product_title_visible":true,"product_descr_visible":true,"product_price_visible":true,"product_thumb_visible":true,"subtotal_visible_product":true,"subtotal_visible_cart":true,"subtotal_visible_orders":true,"product_addons_visible":true}],"composite_scenarios":[],"exclude_global_add_ons":[],"addons":[],"acf":[],"yoast_head":null,"yoast_head_json":null,"_links":{"self":[{"href":"https:\/\/www.waas-demo.nl\/es\/wp-json\/wp\/v2\/product\/5626","targetHints":{"allow":["GET"]}}],"collection":[{"href":"https:\/\/www.waas-demo.nl\/es\/wp-json\/wp\/v2\/product"}],"about":[{"href":"https:\/\/www.waas-demo.nl\/es\/wp-json\/wp\/v2\/types\/product"}],"replies":[{"embeddable":true,"href":"https:\/\/www.waas-demo.nl\/es\/wp-json\/wp\/v2\/comments?post=5626"}],"wp:featuredmedia":[{"embeddable":true,"href":"https:\/\/www.waas-demo.nl\/es\/wp-json\/wp\/v2\/media\/10600"}],"wp:attachment":[{"href":"https:\/\/www.waas-demo.nl\/es\/wp-json\/wp\/v2\/media?parent=5626"}],"wp:term":[{"taxonomy":"product_brand","embeddable":true,"href":"https:\/\/www.waas-demo.nl\/es\/wp-json\/wp\/v2\/product_brand?post=5626"},{"taxonomy":"product_cat","embeddable":true,"href":"https:\/\/www.waas-demo.nl\/es\/wp-json\/wp\/v2\/product_cat?post=5626"},{"taxonomy":"product_tag","embeddable":true,"href":"https:\/\/www.waas-demo.nl\/es\/wp-json\/wp\/v2\/product_tag?post=5626"}],"curies":[{"name":"wp","href":"https:\/\/api.w.org\/{rel}","templated":true}]}}