{"id":4644,"date":"2019-12-21T15:54:45","date_gmt":"2019-12-21T14:54:45","guid":{"rendered":"https:\/\/www.waas-demo.nl\/?post_type=product&#038;p=4644"},"modified":"2024-12-24T14:30:46","modified_gmt":"2024-12-24T13:30:46","slug":"1-euro","status":"publish","type":"product","link":"https:\/\/www.waas-demo.nl\/lu\/product\/categorie-3\/subcategorie-3a\/1-euro\/","title":{"rendered":"Produktbeispiel 8"},"content":{"rendered":"<p>Diese Ladestation kann mit einem Festkabel ausgestattet werden. Ein gro\u00dfer Vorteil einer Ladestation mit festem Ladekabel besteht darin, dass das Kabel nicht jedes Mal verstaut werden muss: Sie m\u00fcssen kein nasses Kabel im Auto mitnehmen, wenn es geregnet hat. Ein Nachteil eines Festkabels besteht darin, dass nur Fahrzeuge mit einer Anschlussart geladen werden k\u00f6nnen. Diese Ladestationen sind au\u00dferdem anf\u00e4lliger f\u00fcr Vandalismus und daher weniger f\u00fcr den \u00f6ffentlichen Raum geeignet.<\/p>","protected":false},"excerpt":{"rendered":"Mauris non tempor quam, et lacinia sapien. Mauris Accumsan Eros Eget Libero Posuere Vulputate. Etiam elit elit, elementum sed varius at, adipiscing vitae est. Sed nec felis pellentesque.","protected":false},"featured_media":10592,"comment_status":"open","ping_status":"closed","template":"","meta":{"_acf_changed":false},"product_brand":[],"product_cat":[71,67],"product_tag":[],"class_list":{"0":"post-4644","1":"product","2":"type-product","3":"status-publish","4":"has-post-thumbnail","6":"product_cat-categorie-5","7":"product_cat-subcategorie-3a","8":"product_shipping_class-stoelen","10":"first","11":"instock","12":"sale","13":"taxable","14":"shipping-taxable","15":"purchasable","16":"product-type-simple"},"composite_virtual":false,"composite_layout":"","composite_add_to_cart_form_location":"","composite_editable_in_cart":false,"composite_sold_individually_context":"","composite_shop_price_calc":"","composite_components":[],"composite_scenarios":[],"exclude_global_add_ons":false,"addons":[{"name":"M\u00f6glichkeit","type":"multiple_choice","position":0,"required":false,"title_format":"label","default":"","description_enable":false,"description":"","placeholder_enable":false,"placeholder":"","display":"select","restrictions_type":"any_text","adjust_price":false,"price":"","price_type":"flat_fee","restrictions":false,"min":"0","max":"0","options":[{"label":"A","price":"","price_type":"flat_fee","image":0,"visibility":true},{"label":"B","price":"","price_type":"flat_fee","image":0,"visibility":true},{"label":"C","price":"","price_type":"flat_fee","image":0,"visibility":true}],"id":1699354045},{"name":"Breite","type":"multiple_choice","position":1,"required":false,"title_format":"label","default":"","description_enable":false,"description":"","placeholder_enable":false,"placeholder":"","display":"select","restrictions_type":"any_text","adjust_price":false,"price":"","price_type":"flat_fee","restrictions":false,"min":"0","max":"0","options":[{"label":"1","price":"","price_type":"flat_fee","image":0,"visibility":true},{"label":"2","price":"","price_type":"flat_fee","image":0,"visibility":true},{"label":"3","price":"","price_type":"flat_fee","image":0,"visibility":true}],"id":1699354046},{"name":"H\u00f6he","type":"multiple_choice","position":2,"required":false,"title_format":"label","default":"","description_enable":false,"description":"","placeholder_enable":false,"placeholder":"","display":"select","restrictions_type":"any_text","adjust_price":false,"price":"","price_type":"flat_fee","restrictions":false,"min":"0","max":"0","options":[{"label":"10","price":"","price_type":"flat_fee","image":0,"visibility":true},{"label":"20","price":"","price_type":"flat_fee","image":0,"visibility":true},{"label":"30","price":"","price_type":"flat_fee","image":0,"visibility":true}],"id":1699354047}],"acf":[],"yoast_head":null,"yoast_head_json":null,"_links":{"self":[{"href":"https:\/\/www.waas-demo.nl\/lu\/wp-json\/wp\/v2\/product\/4644","targetHints":{"allow":["GET"]}}],"collection":[{"href":"https:\/\/www.waas-demo.nl\/lu\/wp-json\/wp\/v2\/product"}],"about":[{"href":"https:\/\/www.waas-demo.nl\/lu\/wp-json\/wp\/v2\/types\/product"}],"replies":[{"embeddable":true,"href":"https:\/\/www.waas-demo.nl\/lu\/wp-json\/wp\/v2\/comments?post=4644"}],"wp:featuredmedia":[{"embeddable":true,"href":"https:\/\/www.waas-demo.nl\/lu\/wp-json\/wp\/v2\/media\/10592"}],"wp:attachment":[{"href":"https:\/\/www.waas-demo.nl\/lu\/wp-json\/wp\/v2\/media?parent=4644"}],"wp:term":[{"taxonomy":"product_brand","embeddable":true,"href":"https:\/\/www.waas-demo.nl\/lu\/wp-json\/wp\/v2\/product_brand?post=4644"},{"taxonomy":"product_cat","embeddable":true,"href":"https:\/\/www.waas-demo.nl\/lu\/wp-json\/wp\/v2\/product_cat?post=4644"},{"taxonomy":"product_tag","embeddable":true,"href":"https:\/\/www.waas-demo.nl\/lu\/wp-json\/wp\/v2\/product_tag?post=4644"}],"curies":[{"name":"wp","href":"https:\/\/api.w.org\/{rel}","templated":true}]}}