{"id":4652,"date":"2019-12-21T16:11:39","date_gmt":"2019-12-21T15:11:39","guid":{"rendered":"https:\/\/www.waas-demo.nl\/?post_type=product&#038;p=4652"},"modified":"2026-05-06T09:19:19","modified_gmt":"2026-05-06T07:19:19","slug":"product-3","status":"publish","type":"product","link":"https:\/\/www.waas-demo.nl\/lu\/product\/categorie-3\/subcategorie-3a\/product-3\/","title":{"rendered":"Produktbeispiel 12"},"content":{"rendered":"<p>Throw | Plaid &#8211; Charcoal Linen \/ Stone color Stonewashed Sateencotton 300TC<\/p>\n<ul>\n<li>Qualit\u00e4t: eine Seite 100% Leinen \/ andere Seite Stonewashed Sateencotton 300TC<\/li>\n<li>Farbe: Kohle und Stein<\/li>\n<li>Verf\u00fcgbare Gr\u00f6\u00dfen: 140 x 260 cm oder 240 x 260 cm<\/li>\n<li>Details: Mit kleinen Plektren<\/li>\n<li>Pflegehinweise: Nur chemische Reinigung<\/li>\n<\/ul>","protected":false},"excerpt":{"rendered":"Mauris non tempor quam, et lacinia sapien. Mauris Accumsan Eros Eget Libero Posuere Vulputate. Etiam elit elit, elementum sed varius at, adipiscing vitae est. Sed nec felis pellentesque.","protected":false},"featured_media":10594,"comment_status":"open","ping_status":"closed","template":"","meta":{"_acf_changed":false},"product_brand":[86],"product_cat":[71,96,67],"product_tag":[],"class_list":{"0":"post-4652","1":"product","2":"type-product","3":"status-publish","4":"has-post-thumbnail","6":"product_brand-merk-4","7":"product_cat-categorie-5","8":"product_cat-categorie-7","9":"product_cat-subcategorie-3a","11":"first","12":"onbackorder","13":"sale","14":"taxable","15":"shipping-taxable","16":"purchasable","17":"product-type-simple"},"composite_virtual":false,"composite_layout":"","composite_add_to_cart_form_location":"","composite_editable_in_cart":false,"composite_sold_individually_context":"","composite_shop_price_calc":"","composite_components":[],"composite_scenarios":[],"exclude_global_add_ons":false,"addons":[{"name":"Optionsgruppe #1","type":"multiple_choice","position":0,"required":true,"title_format":"label","default":"0","description_enable":false,"description":"","placeholder_enable":false,"placeholder":"","display":"images","restrictions_type":"any_text","adjust_price":false,"price":"","price_type":"flat_fee","restrictions":false,"min":"0","max":"0","options":[{"label":"1A","price":"","price_type":"flat_fee","image":10599,"visibility":true},{"label":"2C","price":"","price_type":"flat_fee","image":10597,"visibility":true}],"id":1688982430},{"name":"Optionsgruppe #2","type":"multiple_choice","position":1,"required":true,"title_format":"label","default":"1","description_enable":false,"description":"","placeholder_enable":false,"placeholder":"","display":"radiobutton","restrictions_type":"any_text","adjust_price":false,"price":"","price_type":"flat_fee","restrictions":false,"min":"0","max":"0","options":[{"label":"2A","price":"15","price_type":"flat_fee","image":0,"visibility":true},{"label":"2B","price":"20","price_type":"flat_fee","image":0,"visibility":true}],"id":1688982431},{"name":"Vervolgkeuze","type":"multiple_choice","position":2,"required":false,"title_format":"label","default":"2","description_enable":false,"description":"","placeholder_enable":false,"placeholder":"","display":"select","restrictions_type":"any_text","adjust_price":false,"price":"","price_type":"flat_fee","restrictions":false,"min":"0","max":"0","options":[{"label":"B","price":"15","price_type":"flat_fee","image":0,"visibility":true},{"label":"C","price":"25","price_type":"flat_fee","image":0,"visibility":true},{"label":"D","price":"25","price_type":"flat_fee","image":0,"visibility":true}],"id":1776331118},{"name":"Aankruisvakken","type":"checkbox","position":3,"required":false,"title_format":"label","default":"1,2","description_enable":false,"description":"","placeholder_enable":false,"placeholder":"","display":"select","restrictions_type":"any_text","adjust_price":false,"price":"","price_type":"flat_fee","restrictions":false,"min":"0","max":"0","options":[{"label":"Vak 1","price":"1","price_type":"flat_fee","image":0,"visibility":true},{"label":"Vak 2","price":"2","price_type":"flat_fee","image":0,"visibility":true},{"label":"Vak 3","price":"3","price_type":"flat_fee","image":0,"visibility":true}],"id":1776331119},{"name":"Korte tekst","type":"custom_text","position":4,"required":true,"title_format":"label","default":"","description_enable":false,"description":"","placeholder_enable":false,"placeholder":"","display":"select","restrictions_type":"any_text","adjust_price":false,"price":"","price_type":"flat_fee","restrictions":false,"min":"0","max":"0","options":[],"id":1776331120},{"name":"Lange tekst","type":"custom_textarea","position":5,"required":false,"title_format":"label","default":"","description_enable":false,"description":"","placeholder_enable":false,"placeholder":"","display":"select","restrictions_type":"any_text","adjust_price":false,"price":"","price_type":"flat_fee","restrictions":false,"min":"0","max":"0","options":[],"id":1776331121},{"name":"Preis","type":"custom_price","position":6,"required":false,"title_format":"label","default":"15","description_enable":false,"description":"","placeholder_enable":false,"placeholder":"","display":"select","restrictions_type":"any_text","adjust_price":false,"price":"","price_type":"quantity_based","restrictions":false,"min":"0","max":"0","options":[],"id":1776331122},{"name":"Aantal gratis","type":"input_multiplier","position":7,"required":false,"title_format":"label","default":"2","description_enable":false,"description":"","placeholder_enable":false,"placeholder":"","display":"select","restrictions_type":"any_text","adjust_price":false,"price":"","price_type":"flat_fee","restrictions":false,"min":"0","max":"0","options":[],"id":1776331123},{"name":"Titel","type":"heading","position":8,"required":false,"title_format":"label","default":"","description_enable":false,"description":"","placeholder_enable":false,"placeholder":"","display":"select","restrictions_type":"any_text","adjust_price":false,"price":"","price_type":"flat_fee","restrictions":false,"min":"0","max":"0","options":[],"id":1776331124}],"acf":[],"yoast_head":null,"yoast_head_json":null,"_links":{"self":[{"href":"https:\/\/www.waas-demo.nl\/lu\/wp-json\/wp\/v2\/product\/4652","targetHints":{"allow":["GET"]}}],"collection":[{"href":"https:\/\/www.waas-demo.nl\/lu\/wp-json\/wp\/v2\/product"}],"about":[{"href":"https:\/\/www.waas-demo.nl\/lu\/wp-json\/wp\/v2\/types\/product"}],"replies":[{"embeddable":true,"href":"https:\/\/www.waas-demo.nl\/lu\/wp-json\/wp\/v2\/comments?post=4652"}],"wp:featuredmedia":[{"embeddable":true,"href":"https:\/\/www.waas-demo.nl\/lu\/wp-json\/wp\/v2\/media\/10594"}],"wp:attachment":[{"href":"https:\/\/www.waas-demo.nl\/lu\/wp-json\/wp\/v2\/media?parent=4652"}],"wp:term":[{"taxonomy":"product_brand","embeddable":true,"href":"https:\/\/www.waas-demo.nl\/lu\/wp-json\/wp\/v2\/product_brand?post=4652"},{"taxonomy":"product_cat","embeddable":true,"href":"https:\/\/www.waas-demo.nl\/lu\/wp-json\/wp\/v2\/product_cat?post=4652"},{"taxonomy":"product_tag","embeddable":true,"href":"https:\/\/www.waas-demo.nl\/lu\/wp-json\/wp\/v2\/product_tag?post=4652"}],"curies":[{"name":"wp","href":"https:\/\/api.w.org\/{rel}","templated":true}]}}