{"id":9907,"date":"2023-05-12T14:31:49","date_gmt":"2023-05-12T12:31:49","guid":{"rendered":"https:\/\/www.waas-demo.nl\/?post_type=product&#038;p=9907"},"modified":"2024-02-08T09:24:56","modified_gmt":"2024-02-08T08:24:56","slug":"product-voorbeeld-15-geen-aanbetaling","status":"publish","type":"product","link":"https:\/\/www.waas-demo.nl\/lu\/product\/categorie-3\/subcategorie-3a\/subsubcategorie-3ai\/product-voorbeeld-15-geen-aanbetaling\/","title":{"rendered":"Produktbeispiel 7"},"content":{"rendered":"<h3>WARUM EIN MLINE-ATHLETIC-KISSEN?<\/h3>\n<p>Das M-Line Athletic Pillow ist ein sehr bequemes Kissen f\u00fcr Menschen, die regelm\u00e4\u00dfig unter R\u00fccken- oder Nackenproblemen leiden. Das Kissen der M-Linie bietet eine sehr gute Unterst\u00fctzung f\u00fcr Nacken, Schultern und Nacken.<\/p>\n<p>Dieses Kissen zeichnet sich durch seine besondere Form aus. Es sorgt f\u00fcr eine v\u00f6llig entspannte Nackenmuskulatur und eine bessere Durchblutung. Denn das M-Line-Athletic-Kissen sorgt daf\u00fcr, dass sich Ihre Wirbels\u00e4ule im Schlaf anspannt und entspannt.<\/p>\n<p>&nbsp;<\/p>\n<p><img loading=\"lazy\" decoding=\"async\" class=\"wp-image-5277 size-full aligncenter\" src=\"https:\/\/www.topsleep.nl\/wp-content\/uploads\/www.topsleep.nl\/2023\/02\/M-line-Athletic-Pillow-uitleg-2.png\" alt=\"Het perfecte kussen voor mensen met rugklachten en nekklachten. Probeer gratis thuis uit.\" width=\"613\" height=\"632\" \/><\/p>\n<h4><\/h4>\n<h4>Trichterf\u00f6rmige Konkavit\u00e4t<\/h4>\n<p>Durch die trichterf\u00f6rmige W\u00f6lbung liegt Ihr Kopf in der besten Position. Dadurch bleiben Sie gerade und stabil.<\/p>\n<h4>Schulterausschnitt<\/h4>\n<p>Dieses Kissen ist f\u00fcr jeden geeignet, da es eine hohe und eine niedrige Schlafseite hat. Das Athletic Cushion verf\u00fcgt \u00fcber eine Aussparung f\u00fcr die Schultern. Dadurch k\u00f6nnen sich die Schultermuskulatur und die Nackenmuskulatur im Schlaf sehr gut entspannen, was zu einer guten Erholung f\u00fcr den n\u00e4chsten Tag f\u00fchrt.<\/p>\n<h4>Nackenschlitz<\/h4>\n<p>Die Nackenrille h\u00e4lt Ihren Nacken und Kopf in der Mitte des Kissens. Dadurch bleibt Ihr Nacken frei und eine optimale Durchblutung des Kopfes ist gew\u00e4hrleistet.<\/p>\n<h4>Ohrmuschel<\/h4>\n<p>Ihr Ohr wird nicht gedr\u00fcckt, wenn Sie auf der Seite schlafen. Dies liegt an der speziell gestalteten Ohrmulde. Ein zus\u00e4tzlicher Vorteil der Ohrmuschel ist die optimale Bel\u00fcftung.<\/p>\n<h4>Entworfen von einem Osteopathen und Physiotherapeuten<\/h4>\n<p>Das Athletic Pillow der M-Linie wurde speziell von einem Osteopathen und Physiotherapeuten entwickelt und wird h\u00e4ufig von Sportlern verwendet.<\/p>\n<h3><strong>SPEZIFIKATIONEN SPORTKISSEN DER M-LINIE<\/strong><\/h3>\n<ul>\n<li>Abmessungen: 50x36x12 cm (hohe und sp\u00e4te Seite)<\/li>\n<li>Ergonomisch: Ja<\/li>\n<li>Antiallergen: Ja<\/li>\n<li>H\u00e4rte: Mittel<\/li>\n<li>F\u00fcllung: Viskoelastischer Schaumstoff (Memory Foam)<\/li>\n<li>Nachf\u00fcllbar: nein<\/li>\n<li>Bezug abzippbar: Ja<\/li>\n<li>Material Bezug: 15% Viskose, 85% Polyester<\/li>\n<li>Schlafposition: Seite, R\u00fccken<\/li>\n<li>Garantie: 3 Jahre<\/li>\n<\/ul>\n<h4><strong>WARUM TOPSLEEP?<\/strong><\/h4>\n<p><span style=\"font-size: 16px;\"><span style=\"color: #61ce70;\"><b>\u2713 <\/b><\/span><\/span><strong>Ein echtes Familienunternehmen seit mehr als 60 Jahren<\/strong><\/p>\n<p>Zuverl\u00e4ssigkeit seit 60 Jahren! F\u00fcr uns ist der Kunde die Nummer 1! Wir zeichnen uns durch beispiellosen Service, Qualit\u00e4tsprodukte f\u00fcr jedes Budget und hervorragende Garantiebedingungen aus. Die positiven Bewertungen und Komplimente unserer Kunden beweisen, dass wir unverwechselbar und einzigartig sind.<\/p>\n<p>Was unser Gro\u00dfvater und Vater in den 1960er Jahren begonnen haben, f\u00fchren wir mit Begeisterung am Boulevard Heuvelink 24 in Arnheim und Online fort!<\/p>\n<p>Besuchen Sie unseren Showroom, der Kaffee ist fertig! Oder schauen Sie sich unser Angebot online an.<\/p>\n<p><span style=\"font-size: 16px;\"><span style=\"color: #61ce70;\"><b>\u2713 <\/b><\/span><\/span><strong>Kostenlose Lieferung und Montage sowie R\u00fcckgabe des alten Bettes<\/strong><\/p>\n<p>Wir arbeiten mit unserem eigenen Lieferservice und liefern unsere Produkte bis ins Schlafzimmer. Wir bauen Ihr neues Bett kostenlos auf und nehmen auch Ihr altes Bett oder Ihre alte Matratze kostenlos zur\u00fcck.<\/p>\n<p><span style=\"font-size: 16px;\"><span style=\"color: #61ce70;\"><b>\u2713 <\/b><\/span><\/span><strong>Nur Qualit\u00e4tsprodukte<\/strong><\/p>\n<p>Wir haben unsere Produkte speziell f\u00fcr Sie ausgew\u00e4hlt. Nur die besten Produkte von Top-Lieferanten aus Europa. Wichtig ist uns auch, dass es f\u00fcr jedes Budget eine gro\u00dfe Auswahl gibt.<\/p>\n<p><span style=\"font-size: 16px;\"><span style=\"color: #61ce70;\"><b>\u2713 <\/b><\/span><\/span><b>Beispielloser Service<\/b><\/p>\n<p>Schlafen ist unser Gesch\u00e4ft! Unsere Mission ist es, dass alle unsere Kunden gut schlafen und ausgeruht aufwachen! Der Kunde steht f\u00fcr uns an erster Stelle. Deshalb ist unser Service einzigartig: Wir liefern versandkostenfrei und nehmen Ihr altes Bett und Ihre Matratze zur\u00fcck. Sollte ein Produkt nicht Ihren Erwartungen entsprechen, l\u00f6sen wir das gemeinsam!<\/p>\n<p>Kommen Sie vorbei oder <a href=\"https:\/\/www.topsleep.nl\/contact\/\">einen Termin machen<\/a> f\u00fcr gute Schlaftipps!<\/p>","protected":false},"excerpt":{"rendered":"Mauris non tempor quam, et lacinia sapien. Mauris Accumsan Eros Eget Libero Posuere Vulputate. Etiam elit elit, elementum sed varius at, adipiscing vitae est. Sed nec felis pellentesque.","protected":false},"featured_media":10604,"comment_status":"open","ping_status":"closed","template":"","meta":{"_acf_changed":false},"product_brand":[86],"product_cat":[70,67,69],"product_tag":[],"class_list":{"0":"post-9907","1":"product","2":"type-product","3":"status-publish","4":"has-post-thumbnail","6":"product_brand-merk-4","7":"product_cat-categorie-4","8":"product_cat-subcategorie-3a","9":"product_cat-subsubcategorie-3ai","11":"first","12":"onbackorder","13":"sale","14":"taxable","15":"shipping-taxable","16":"purchasable","17":"product-type-simple"},"composite_virtual":false,"composite_layout":"","composite_add_to_cart_form_location":"","composite_editable_in_cart":false,"composite_sold_individually_context":"","composite_shop_price_calc":"","composite_components":[],"composite_scenarios":[],"exclude_global_add_ons":[],"addons":[],"acf":[],"yoast_head":null,"yoast_head_json":null,"_links":{"self":[{"href":"https:\/\/www.waas-demo.nl\/lu\/wp-json\/wp\/v2\/product\/9907","targetHints":{"allow":["GET"]}}],"collection":[{"href":"https:\/\/www.waas-demo.nl\/lu\/wp-json\/wp\/v2\/product"}],"about":[{"href":"https:\/\/www.waas-demo.nl\/lu\/wp-json\/wp\/v2\/types\/product"}],"replies":[{"embeddable":true,"href":"https:\/\/www.waas-demo.nl\/lu\/wp-json\/wp\/v2\/comments?post=9907"}],"wp:featuredmedia":[{"embeddable":true,"href":"https:\/\/www.waas-demo.nl\/lu\/wp-json\/wp\/v2\/media\/10604"}],"wp:attachment":[{"href":"https:\/\/www.waas-demo.nl\/lu\/wp-json\/wp\/v2\/media?parent=9907"}],"wp:term":[{"taxonomy":"product_brand","embeddable":true,"href":"https:\/\/www.waas-demo.nl\/lu\/wp-json\/wp\/v2\/product_brand?post=9907"},{"taxonomy":"product_cat","embeddable":true,"href":"https:\/\/www.waas-demo.nl\/lu\/wp-json\/wp\/v2\/product_cat?post=9907"},{"taxonomy":"product_tag","embeddable":true,"href":"https:\/\/www.waas-demo.nl\/lu\/wp-json\/wp\/v2\/product_tag?post=9907"}],"curies":[{"name":"wp","href":"https:\/\/api.w.org\/{rel}","templated":true}]}}